{"id":2,"date":"2020-02-25T14:28:11","date_gmt":"2020-02-25T14:28:11","guid":{"rendered":"https:\/\/nouvelles.missioninclusion.ca\/?page_id=2"},"modified":"2020-09-09T17:32:22","modified_gmt":"2020-09-09T17:32:22","slug":"sample-page","status":"publish","type":"page","link":"https:\/\/nouvelles.missioninclusion.ca\/","title":{"rendered":"Accueil"},"content":{"rendered":"<p>[et_pb_section fb_built=\u00a0\u00bb1&Prime; fullwidth=\u00a0\u00bbon\u00a0\u00bb _builder_version=\u00a0\u00bb4.3.4&Prime; background_color=\u00a0\u00bb#000000&Prime; custom_margin=\u00a0\u00bb||||false|false\u00a0\u00bb custom_padding=\u00a0\u00bb||||false|false\u00a0\u00bb][et_pb_fullwidth_slider module_class=\u00a0\u00bbet_fullscreen_slider\u00a0\u00bb _builder_version=\u00a0\u00bb4.3.4&Prime; height=\u00a0\u00bb900px\u00a0\u00bb max_height=\u00a0\u00bb100%\u00a0\u00bb custom_padding=\u00a0\u00bb||||false|false\u00a0\u00bb auto=\u00a0\u00bbon\u00a0\u00bb auto_speed=\u00a0\u00bb6000&Prime; hover_enabled=\u00a0\u00bb0&Prime;][et_pb_slide heading=\u00a0\u00bbPour les enfants et familles\u00a0\u00bb _builder_version=\u00a0\u00bb4.3.4&Prime; header_level=\u00a0\u00bbh2&Prime; header_font=\u00a0\u00bb|600|||||||\u00a0\u00bb header_text_align=\u00a0\u00bbleft\u00a0\u00bb body_text_align=\u00a0\u00bbleft\u00a0\u00bb background_enable_color=\u00a0\u00bboff\u00a0\u00bb background_video_mp4=\u00a0\u00bbhttps:\/\/nouvelles.missioninclusion.ca\/wp-content\/uploads\/2020\/09\/video-2.mp4&Prime; background_enable_video_mp4=\u00a0\u00bbon\u00a0\u00bb custom_padding=\u00a0\u00bb||||false|false\u00a0\u00bb hover_enabled=\u00a0\u00bb0&Prime;]<\/p>\n<p>Nombreuses sont les familles aux prises avec des conditions de vie difficiles. Certaines ont besoin de soutien pour d\u00e9velopper des habilet\u00e9s parentales ou encore du r\u00e9pit et du soutien pour pr\u00e9venir des situations de d\u00e9tresse. Par ailleurs, trop d\u2019enfants dans le monde sont encore victimes de violence et d\u2019abus et n\u2019ont pas acc\u00e8s \u00e0 l\u2019\u00e9ducation.<\/p>\n<p>[\/et_pb_slide][et_pb_slide heading=\u00a0\u00bbPour les droits des femmes\u00a0\u00bb use_bg_overlay=\u00a0\u00bbon\u00a0\u00bb bg_overlay_color=\u00a0\u00bbrgba(0,0,0,0.37)\u00a0\u00bb _builder_version=\u00a0\u00bb4.3.4&Prime; header_font=\u00a0\u00bb|600|||||||\u00a0\u00bb header_text_align=\u00a0\u00bbleft\u00a0\u00bb body_text_align=\u00a0\u00bbleft\u00a0\u00bb background_enable_color=\u00a0\u00bboff\u00a0\u00bb background_video_mp4=\u00a0\u00bbhttps:\/\/nouvelles.missioninclusion.ca\/wp-content\/uploads\/2020\/09\/video-3.mp4&Prime; background_enable_video_mp4=\u00a0\u00bbon\u00a0\u00bb custom_padding=\u00a0\u00bb||||false|false\u00a0\u00bb hover_enabled=\u00a0\u00bb0&Prime;]<\/p>\n<p>Dans plusieurs pays du monde, les droits des femmes sont encore bafou\u00e9s.<br \/>\nDans toutes ses actions, Mission inclusion met de l\u2019avant l\u2019\u00e9galit\u00e9 femme-homme et le r\u00f4le essentiel des femmes \u00e0 titre d\u2019agentes de changement. Avec ses partenaires, elle agit pour la protection, l\u2019\u00e9mancipation et l\u2019int\u00e9gration \u00e9conomique et sociale des femmes.<\/p>\n<p>[\/et_pb_slide][et_pb_slide heading=\u00a0\u00bb Pour la pr\u00e9vention de l\u2019itin\u00e9rance\u00a0\u00bb _builder_version=\u00a0\u00bb4.3.4&Prime; header_font=\u00a0\u00bb|600|||||||\u00a0\u00bb header_text_align=\u00a0\u00bbleft\u00a0\u00bb body_text_align=\u00a0\u00bbleft\u00a0\u00bb background_enable_color=\u00a0\u00bboff\u00a0\u00bb background_video_mp4=\u00a0\u00bbhttps:\/\/nouvelles.missioninclusion.ca\/wp-content\/uploads\/2020\/09\/video-7.mp4&Prime; background_enable_video_mp4=\u00a0\u00bbon\u00a0\u00bb custom_padding=\u00a0\u00bb|150px|||false|false\u00a0\u00bb]<\/p>\n<p>Perte d\u2019emploi, probl\u00e8mes de sant\u00e9 physique ou mentale, consommation\u2026 Au Qu\u00e9bec, des milliers de personnes vivent ces difficult\u00e9s et se retrouvent en situation d\u2019itin\u00e9rance. Mission inclusion appuie des organismes qui travaillent aupr\u00e8s des personnes sans-abri pour am\u00e9liorer leurs conditions de vie et favoriser leur r\u00e9insertion sociale.<\/p>\n<p>[\/et_pb_slide][et_pb_slide heading=\u00a0\u00bb Pour le mieux-\u00eatre des a\u00een\u00e9s\u00a0\u00bb _builder_version=\u00a0\u00bb4.3.4&Prime; header_font=\u00a0\u00bb|600|||||||\u00a0\u00bb header_text_align=\u00a0\u00bbleft\u00a0\u00bb body_text_align=\u00a0\u00bbleft\u00a0\u00bb background_enable_color=\u00a0\u00bboff\u00a0\u00bb background_video_mp4=\u00a0\u00bbhttps:\/\/nouvelles.missioninclusion.ca\/wp-content\/uploads\/2020\/09\/Park-6096.mp4&Prime; background_enable_video_mp4=\u00a0\u00bbon\u00a0\u00bb custom_padding=\u00a0\u00bb||||false|false\u00a0\u00bb hover_enabled=\u00a0\u00bb0&Prime;]<\/p>\n<p>Avec le vieillissement g\u00e9n\u00e9ral de la population, on retrouve de plus en plus de personnes \u00e2g\u00e9es qui vivent en situation de vuln\u00e9rabilit\u00e9 : isolement, pr\u00e9carit\u00e9 financi\u00e8re, probl\u00e8mes de sant\u00e9 physique ou cognitive\u2026 Les organismes soutenus par Mission inclusion veillent au mieux-\u00eatre, au respect des droits et \u00e0 l\u2019inclusion sociale des a\u00een\u00e9s.<\/p>\n<p>[\/et_pb_slide][et_pb_slide heading=\u00a0\u00bbPour la s\u00e9curit\u00e9 alimentaire\u00a0\u00bb _builder_version=\u00a0\u00bb4.3.4&Prime; header_font=\u00a0\u00bb|600|||||||\u00a0\u00bb header_text_align=\u00a0\u00bbleft\u00a0\u00bb body_text_align=\u00a0\u00bbleft\u00a0\u00bb background_enable_color=\u00a0\u00bboff\u00a0\u00bb background_video_mp4=\u00a0\u00bbhttps:\/\/nouvelles.missioninclusion.ca\/wp-content\/uploads\/2020\/09\/video-12.mp4&Prime; background_enable_video_mp4=\u00a0\u00bbon\u00a0\u00bb custom_padding=\u00a0\u00bb||||false|false\u00a0\u00bb hover_enabled=\u00a0\u00bb0&Prime;]<\/p>\n<p>Mission inclusion soutient des organismes qui travaillent aupr\u00e8s de populations vuln\u00e9rables en situation d\u2019ins\u00e9curit\u00e9 alimentaire, au Qu\u00e9bec et dans le monde. Elle leur donne acc\u00e8s \u00e0 une alimentation suffisante, vari\u00e9e et nutritive qui satisfait leurs besoins nutritionnels et leur permet de mener une vie saine et active.<\/p>\n<p>[\/et_pb_slide][et_pb_slide heading=\u00a0\u00bbUne lutte \u00e0 poursuivre\u00a0\u00bb _builder_version=\u00a0\u00bb4.3.4&Prime; header_font=\u00a0\u00bb|600|||||||\u00a0\u00bb header_text_align=\u00a0\u00bbleft\u00a0\u00bb body_text_align=\u00a0\u00bbleft\u00a0\u00bb background_enable_color=\u00a0\u00bboff\u00a0\u00bb background_video_mp4=\u00a0\u00bbhttps:\/\/nouvelles.missioninclusion.ca\/wp-content\/uploads\/2020\/09\/Child-33631.mp4&Prime; background_enable_video_mp4=\u00a0\u00bbon\u00a0\u00bb custom_padding=\u00a0\u00bb||||false|false\u00a0\u00bb hover_enabled=\u00a0\u00bb0&Prime;]<\/p>\n<p>Lorem ipsum dolor sit amet, consectetur adipiscing elit. Nunc euismod eget neque non pulvinar. Quisque vestibulum in sem a mollis. Aliquam fringilla lorem a faucibus mattis. Phasellus finibus gravida nisl et molestie. Phasellus fermentum arcu id nulla sollicitudin, vitae varius magna tempor. Quisque tristique ligula augue. Nulla fermentum id lectus laoreet dapibus.<\/p>\n<p>[\/et_pb_slide][et_pb_slide heading=\u00a0\u00bbPour l\u2019avenir\u00a0\u00bb button_text=\u00a0\u00bbJe veux donner pour l&rsquo;avenir\u00a0\u00bb _builder_version=\u00a0\u00bb4.3.4&Prime; header_font=\u00a0\u00bb|600|||||||\u00a0\u00bb header_text_align=\u00a0\u00bbleft\u00a0\u00bb body_text_align=\u00a0\u00bbleft\u00a0\u00bb background_enable_color=\u00a0\u00bboff\u00a0\u00bb background_video_mp4=\u00a0\u00bbhttps:\/\/nouvelles.missioninclusion.ca\/wp-content\/uploads\/2020\/09\/video-1.mp4&Prime; background_enable_video_mp4=\u00a0\u00bbon\u00a0\u00bb custom_button=\u00a0\u00bbon\u00a0\u00bb button_bg_color=\u00a0\u00bbrgba(84,35,0,0.63)\u00a0\u00bb button_border_width=\u00a0\u00bb0px\u00a0\u00bb button_border_radius=\u00a0\u00bb10px\u00a0\u00bb button_alignment=\u00a0\u00bbleft\u00a0\u00bb custom_padding=\u00a0\u00bb||||false|false\u00a0\u00bb hover_enabled=\u00a0\u00bb0&Prime;]<\/p>\n<p>Lorem ipsum dolor sit amet, consectetur adipiscing elit. Nunc euismod eget neque non pulvinar. Quisque vestibulum in sem a mollis. Aliquam fringilla lorem a faucibus mattis. Phasellus finibus gravida nisl et molestie. Phasellus fermentum arcu id nulla sollicitudin, vitae varius magna tempor. Quisque tristique ligula augue. Nulla fermentum id lectus laoreet dapibus.<\/p>\n<p>[\/et_pb_slide][\/et_pb_fullwidth_slider][\/et_pb_section]<\/p>\n","protected":false},"excerpt":{"rendered":"<p>[et_pb_section fb_built=\u00a0\u00bb1&Prime; fullwidth=\u00a0\u00bbon\u00a0\u00bb _builder_version=\u00a0\u00bb4.3.4&Prime; background_color=\u00a0\u00bb#000000&Prime; custom_margin=\u00a0\u00bb||||false|false\u00a0\u00bb custom_padding=\u00a0\u00bb||||false|false\u00a0\u00bb][et_pb_fullwidth_slider module_class=\u00a0\u00bbet_fullscreen_slider\u00a0\u00bb _builder_version=\u00a0\u00bb4.3.4&Prime; height=\u00a0\u00bb900px\u00a0\u00bb max_height=\u00a0\u00bb100%\u00a0\u00bb custom_padding=\u00a0\u00bb||||false|false\u00a0\u00bb auto=\u00a0\u00bbon\u00a0\u00bb auto_speed=\u00a0\u00bb6000&Prime; hover_enabled=\u00a0\u00bb0&Prime;][et_pb_slide heading=\u00a0\u00bbPour les enfants et familles\u00a0\u00bb _builder_version=\u00a0\u00bb4.3.4&Prime; header_level=\u00a0\u00bbh2&Prime; header_font=\u00a0\u00bb|600|||||||\u00a0\u00bb header_text_align=\u00a0\u00bbleft\u00a0\u00bb body_text_align=\u00a0\u00bbleft\u00a0\u00bb background_enable_color=\u00a0\u00bboff\u00a0\u00bb background_video_mp4=\u00a0\u00bbhttps:\/\/nouvelles.missioninclusion.ca\/wp-content\/uploads\/2020\/09\/video-2.mp4&Prime; background_enable_video_mp4=\u00a0\u00bbon\u00a0\u00bb custom_padding=\u00a0\u00bb||||false|false\u00a0\u00bb hover_enabled=\u00a0\u00bb0&Prime;] Nombreuses sont les familles aux prises avec des conditions de vie difficiles. Certaines ont besoin de soutien pour d\u00e9velopper des habilet\u00e9s parentales ou encore du [&hellip;]<\/p>\n","protected":false},"author":1,"featured_media":0,"parent":0,"menu_order":0,"comment_status":"closed","ping_status":"open","template":"","meta":{"_et_pb_use_builder":"on","_et_pb_old_content":"<!-- wp:paragraph -->\n<p>This is an example page. It's different from a blog post because it will stay in one place and will show up in your site navigation (in most themes). Most people start with an About page that introduces them to potential site visitors. It might say something like this:<\/p>\n<!-- \/wp:paragraph -->\n\n<!-- wp:quote -->\n<blockquote class=\"wp-block-quote\"><p>Hi there! I'm a bike messenger by day, aspiring actor by night, and this is my website. I live in Los Angeles, have a great dog named Jack, and I like pi\u00f1a coladas. (And gettin' caught in the rain.)<\/p><\/blockquote>\n<!-- \/wp:quote -->\n\n<!-- wp:paragraph -->\n<p>...or something like this:<\/p>\n<!-- \/wp:paragraph -->\n\n<!-- wp:quote -->\n<blockquote class=\"wp-block-quote\"><p>The XYZ Doohickey Company was founded in 1971, and has been providing quality doohickeys to the public ever since. Located in Gotham City, XYZ employs over 2,000 people and does all kinds of awesome things for the Gotham community.<\/p><\/blockquote>\n<!-- \/wp:quote -->\n\n<!-- wp:paragraph -->\n<p>As a new WordPress user, you should go to <a href=\"https:\/\/nouvelles.missioninclusion.ca\/wp-admin\/\">your dashboard<\/a> to delete this page and create new pages for your content. Have fun!<\/p>\n<!-- \/wp:paragraph -->","_et_gb_content_width":""},"_links":{"self":[{"href":"https:\/\/nouvelles.missioninclusion.ca\/index.php?rest_route=\/wp\/v2\/pages\/2"}],"collection":[{"href":"https:\/\/nouvelles.missioninclusion.ca\/index.php?rest_route=\/wp\/v2\/pages"}],"about":[{"href":"https:\/\/nouvelles.missioninclusion.ca\/index.php?rest_route=\/wp\/v2\/types\/page"}],"author":[{"embeddable":true,"href":"https:\/\/nouvelles.missioninclusion.ca\/index.php?rest_route=\/wp\/v2\/users\/1"}],"replies":[{"embeddable":true,"href":"https:\/\/nouvelles.missioninclusion.ca\/index.php?rest_route=%2Fwp%2Fv2%2Fcomments&post=2"}],"version-history":[{"count":26,"href":"https:\/\/nouvelles.missioninclusion.ca\/index.php?rest_route=\/wp\/v2\/pages\/2\/revisions"}],"predecessor-version":[{"id":73,"href":"https:\/\/nouvelles.missioninclusion.ca\/index.php?rest_route=\/wp\/v2\/pages\/2\/revisions\/73"}],"wp:attachment":[{"href":"https:\/\/nouvelles.missioninclusion.ca\/index.php?rest_route=%2Fwp%2Fv2%2Fmedia&parent=2"}],"curies":[{"name":"wp","href":"https:\/\/api.w.org\/{rel}","templated":true}]}}